{"id":6,"date":"2026-04-02T16:06:31","date_gmt":"2026-04-02T19:06:31","guid":{"rendered":"https:\/\/lainesita.online\/lainesita\/?page_id=6"},"modified":"2026-04-03T21:56:40","modified_gmt":"2026-04-04T00:56:40","slug":"sobre-mi","status":"publish","type":"page","link":"https:\/\/lainesita.online\/lainesita\/sobre-mi\/","title":{"rendered":"Sobre mi"},"content":{"rendered":"\n<figure class=\"wp-block-image aligncenter size-full is-resized has-custom-border\"><img loading=\"lazy\" decoding=\"async\" width=\"679\" height=\"844\" src=\"https:\/\/lainesita.online\/lainesita\/wp-content\/uploads\/2026\/04\/01-1.jpg\" alt=\"\" class=\"wp-image-107\" style=\"border-top-left-radius:100px;border-top-right-radius:100px;border-bottom-left-radius:100px;border-bottom-right-radius:100px;aspect-ratio:0.8045454545454546;width:191px;height:auto\" srcset=\"https:\/\/lainesita.online\/lainesita\/wp-content\/uploads\/2026\/04\/01-1.jpg 679w, https:\/\/lainesita.online\/lainesita\/wp-content\/uploads\/2026\/04\/01-1-241x300.jpg 241w\" sizes=\"auto, (max-width: 679px) 100vw, 679px\" \/><\/figure>\n\n\n\n<h2 class=\"wp-block-heading has-text-align-center has-large-font-size\"><br>Sobre La Inesita<br><\/h2>\n\n\n\n<p class=\"has-text-align-center\">Hola, soy In\u00e9s, creadora de La Inesita \ud83e\udd0d<\/p>\n\n\n\n<p class=\"has-text-align-center\">Este espacio naci\u00f3 de mi amor por lo simple, lo hecho a mano y los peque\u00f1os detalles que hacen un hogar m\u00e1s c\u00e1lido.<\/p>\n\n\n\n<p class=\"has-text-align-center\">Me gusta crear, dise\u00f1ar y compartir ideas que puedan ayudarte a organizar, decorar y disfrutar m\u00e1s tu d\u00eda a d\u00eda.<\/p>\n\n\n\n<p class=\"has-text-align-center\">Ac\u00e1 vas a encontrar imprimibles, inspiraci\u00f3n y proyectos pensados para hacer tu vida un poquito m\u00e1s linda.<\/p>\n\n\n\n<p class=\"has-text-align-center\">Gracias por estar del otro lado.<br><br><\/p>\n\n\n\n<div class=\"wp-block-buttons is-content-justification-center is-layout-flex wp-container-core-buttons-is-layout-a89b3969 wp-block-buttons-is-layout-flex\">\n<div class=\"wp-block-button\"><a class=\"wp-block-button__link has-ast-global-color-7-color has-ast-global-color-0-background-color has-text-color has-background has-link-color wp-element-button\" href=\"https:\/\/lainesita.online\/lainesita\/blog\/\" style=\"border-top-left-radius:100px;border-top-right-radius:100px;border-bottom-left-radius:100px;border-bottom-right-radius:100px\">Ir a mi Blog<\/a><\/div>\n<\/div>\n","protected":false},"excerpt":{"rendered":"<p>Sobre La Inesita Hola, soy In\u00e9s, creadora de La Inesita \ud83e\udd0d Este espacio naci\u00f3 de mi amor por lo simple, lo hecho a mano y los peque\u00f1os detalles que hacen un hogar m\u00e1s c\u00e1lido. Me gusta crear, dise\u00f1ar y compartir ideas que puedan ayudarte a organizar, decorar y disfrutar m\u00e1s tu d\u00eda a d\u00eda. Ac\u00e1 [&hellip;]<\/p>\n","protected":false},"author":1,"featured_media":0,"parent":0,"menu_order":0,"comment_status":"closed","ping_status":"closed","template":"","meta":{"site-sidebar-layout":"default","site-content-layout":"","ast-site-content-layout":"default","site-content-style":"default","site-sidebar-style":"default","ast-global-header-display":"","ast-banner-title-visibility":"","ast-main-header-display":"","ast-hfb-above-header-display":"","ast-hfb-below-header-display":"","ast-hfb-mobile-header-display":"","site-post-title":"disabled","ast-breadcrumbs-content":"","ast-featured-img":"","footer-sml-layout":"","ast-disable-related-posts":"","theme-transparent-header-meta":"","adv-header-id-meta":"","stick-header-meta":"","header-above-stick-meta":"","header-main-stick-meta":"","header-below-stick-meta":"","astra-migrate-meta-layouts":"default","ast-page-background-enabled":"default","ast-page-background-meta":{"desktop":{"background-color":"var(--ast-global-color-5)","background-image":"","background-repeat":"repeat","background-position":"center center","background-size":"auto","background-attachment":"scroll","background-type":"","background-media":"","overlay-type":"","overlay-color":"","overlay-opacity":"","overlay-gradient":""},"tablet":{"background-color":"","background-image":"","background-repeat":"repeat","background-position":"center center","background-size":"auto","background-attachment":"scroll","background-type":"","background-media":"","overlay-type":"","overlay-color":"","overlay-opacity":"","overlay-gradient":""},"mobile":{"background-color":"","background-image":"","background-repeat":"repeat","background-position":"center center","background-size":"auto","background-attachment":"scroll","background-type":"","background-media":"","overlay-type":"","overlay-color":"","overlay-opacity":"","overlay-gradient":""}},"ast-content-background-meta":{"desktop":{"background-color":"var(--ast-global-color-4)","background-image":"","background-repeat":"repeat","background-position":"center center","background-size":"auto","background-attachment":"scroll","background-type":"","background-media":"","overlay-type":"","overlay-color":"","overlay-opacity":"","overlay-gradient":""},"tablet":{"background-color":"var(--ast-global-color-4)","background-image":"","background-repeat":"repeat","background-position":"center center","background-size":"auto","background-attachment":"scroll","background-type":"","background-media":"","overlay-type":"","overlay-color":"","overlay-opacity":"","overlay-gradient":""},"mobile":{"background-color":"var(--ast-global-color-4)","background-image":"","background-repeat":"repeat","background-position":"center center","background-size":"auto","background-attachment":"scroll","background-type":"","background-media":"","overlay-type":"","overlay-color":"","overlay-opacity":"","overlay-gradient":""}},"footnotes":""},"class_list":["post-6","page","type-page","status-publish","hentry"],"_links":{"self":[{"href":"https:\/\/lainesita.online\/lainesita\/wp-json\/wp\/v2\/pages\/6","targetHints":{"allow":["GET"]}}],"collection":[{"href":"https:\/\/lainesita.online\/lainesita\/wp-json\/wp\/v2\/pages"}],"about":[{"href":"https:\/\/lainesita.online\/lainesita\/wp-json\/wp\/v2\/types\/page"}],"author":[{"embeddable":true,"href":"https:\/\/lainesita.online\/lainesita\/wp-json\/wp\/v2\/users\/1"}],"replies":[{"embeddable":true,"href":"https:\/\/lainesita.online\/lainesita\/wp-json\/wp\/v2\/comments?post=6"}],"version-history":[{"count":9,"href":"https:\/\/lainesita.online\/lainesita\/wp-json\/wp\/v2\/pages\/6\/revisions"}],"predecessor-version":[{"id":116,"href":"https:\/\/lainesita.online\/lainesita\/wp-json\/wp\/v2\/pages\/6\/revisions\/116"}],"wp:attachment":[{"href":"https:\/\/lainesita.online\/lainesita\/wp-json\/wp\/v2\/media?parent=6"}],"curies":[{"name":"wp","href":"https:\/\/api.w.org\/{rel}","templated":true}]}}