{"id":11,"date":"2026-04-02T16:07:33","date_gmt":"2026-04-02T19:07:33","guid":{"rendered":"https:\/\/lainesita.online\/lainesita\/?page_id=11"},"modified":"2026-04-03T23:17:47","modified_gmt":"2026-04-04T02:17:47","slug":"inicio","status":"publish","type":"page","link":"https:\/\/lainesita.online\/lainesita\/","title":{"rendered":"Inicio"},"content":{"rendered":"\n<div class=\"wp-block-cover aligncenter\" style=\"min-height:400px;aspect-ratio:unset;\"><span aria-hidden=\"true\" class=\"wp-block-cover__background has-ast-global-color-6-background-color has-background-dim-100 has-background-dim\"><\/span><div class=\"wp-block-cover__inner-container is-layout-flow wp-block-cover-is-layout-flow\">\n<h2 class=\"wp-block-heading has-text-align-center has-ast-global-color-2-color has-text-color has-link-color wp-elements-b4d5b1ffe398236150a896bbc7c709bd\">Bienvenidos a La Inesita<\/h2>\n\n\n\n<p class=\"has-text-align-center\"><br>Ideas creativa, deco y descargables para tu d\u00eda a d\u00eda<br><br><\/p>\n\n\n\n<div class=\"wp-block-buttons is-horizontal is-content-justification-center is-layout-flex wp-container-core-buttons-is-layout-414da3c6 wp-block-buttons-is-layout-flex\" style=\"border-style:none;border-width:0px;border-top-left-radius:54px;border-top-right-radius:54px;border-bottom-left-radius:54px;border-bottom-right-radius:54px;margin-top:0;margin-bottom:0;padding-right:0;padding-left:0\">\n<div class=\"wp-block-button is-style-outline is-style-outline--1\"><a class=\"wp-block-button__link has-white-color has-ast-global-color-0-background-color has-text-color has-background has-link-color has-text-align-center wp-element-button\" href=\"https:\/\/lainesita.online\/lainesita\/descargas\/\" style=\"border-top-left-radius:32px;border-top-right-radius:32px;border-bottom-left-radius:32px;border-bottom-right-radius:32px\">Ver descargables<\/a><\/div>\n<\/div>\n<\/div><\/div>\n\n\n\n<div class=\"wp-block-columns is-layout-flex wp-container-core-columns-is-layout-28f84493 wp-block-columns-is-layout-flex\">\n<div class=\"wp-block-column has-ast-global-color-6-background-color has-background is-layout-flow wp-block-column-is-layout-flow\" style=\"border-style:none;border-width:0px;border-top-left-radius:20px;border-top-right-radius:20px;border-bottom-left-radius:20px;border-bottom-right-radius:20px;padding-top:var(--wp--preset--spacing--50);padding-right:var(--wp--preset--spacing--50);padding-bottom:var(--wp--preset--spacing--50);padding-left:var(--wp--preset--spacing--50);box-shadow:var(--wp--preset--shadow--natural)\">\n<h2 class=\"wp-block-heading has-text-align-center has-ast-global-color-2-color has-text-color has-link-color has-large-font-size wp-elements-fb3d11c7b1ed0ce31848ee450126820d\">Descargables<\/h2>\n\n\n\n<p class=\"has-text-align-center\">Imprimibles listos para usar<\/p>\n\n\n\n<div class=\"wp-block-buttons is-content-justification-center is-layout-flex wp-container-core-buttons-is-layout-a89b3969 wp-block-buttons-is-layout-flex\">\n<div class=\"wp-block-button\"><a class=\"wp-block-button__link has-ast-global-color-7-color has-text-color has-link-color has-text-align-center wp-element-button\" style=\"border-top-left-radius:100px;border-top-right-radius:100px;border-bottom-left-radius:100px;border-bottom-right-radius:100px\">Ver m\u00e1s<\/a><\/div>\n<\/div>\n<\/div>\n\n\n\n<div class=\"wp-block-column has-background is-layout-flow wp-block-column-is-layout-flow\" style=\"border-top-left-radius:20px;border-top-right-radius:20px;border-bottom-left-radius:20px;border-bottom-right-radius:20px;background-color:#e8dccd;padding-top:var(--wp--preset--spacing--50);padding-right:var(--wp--preset--spacing--50);padding-bottom:var(--wp--preset--spacing--50);padding-left:var(--wp--preset--spacing--50);box-shadow:var(--wp--preset--shadow--natural)\">\n<h2 class=\"wp-block-heading has-text-align-center has-large-font-size\">DIY<\/h2>\n\n\n\n<p class=\"has-text-align-center\">Ideas hechas a mano<\/p>\n\n\n\n<div class=\"wp-block-buttons alignfull is-content-justification-center is-layout-flex wp-container-core-buttons-is-layout-a89b3969 wp-block-buttons-is-layout-flex\">\n<div class=\"wp-block-button\"><a class=\"wp-block-button__link has-ast-global-color-7-color has-text-color has-link-color wp-element-button\" href=\"https:\/\/lainesita.online\/lainesita\/blog\/\" style=\"border-top-left-radius:100px;border-top-right-radius:100px;border-bottom-left-radius:100px;border-bottom-right-radius:100px\">Ver m\u00e1s<\/a><\/div>\n<\/div>\n<\/div>\n\n\n\n<div class=\"wp-block-column has-ast-global-color-6-background-color has-background is-layout-flow wp-block-column-is-layout-flow\" style=\"border-top-left-radius:20px;border-top-right-radius:20px;border-bottom-left-radius:20px;border-bottom-right-radius:20px;padding-top:var(--wp--preset--spacing--50);padding-right:var(--wp--preset--spacing--50);padding-bottom:var(--wp--preset--spacing--50);padding-left:var(--wp--preset--spacing--50);box-shadow:var(--wp--preset--shadow--natural)\">\n<h2 class=\"wp-block-heading has-text-align-center has-large-font-size\">Decoraci\u00f3n<\/h2>\n\n\n\n<p class=\"has-text-align-center\">Detalles para tu hogar<\/p>\n\n\n\n<div class=\"wp-block-buttons is-content-justification-center is-layout-flex wp-container-core-buttons-is-layout-a89b3969 wp-block-buttons-is-layout-flex\">\n<div class=\"wp-block-button\"><a class=\"wp-block-button__link has-ast-global-color-7-color has-text-color has-link-color wp-element-button\" href=\"https:\/\/lainesita.online\/lainesita\/blog\/\" style=\"border-top-left-radius:100px;border-top-right-radius:100px;border-bottom-left-radius:100px;border-bottom-right-radius:100px\">Ver m\u00e1s<\/a><\/div>\n<\/div>\n<\/div>\n<\/div>\n\n\n\n<h2 class=\"wp-block-heading has-text-align-center has-large-font-size\">Descargables Destacados<\/h2>\n\n\n\n<div class=\"wp-block-columns is-layout-flex wp-container-core-columns-is-layout-28f84493 wp-block-columns-is-layout-flex\">\n<div class=\"wp-block-column has-ast-global-color-5-background-color has-background is-layout-flow wp-container-core-column-is-layout-7781f981 wp-block-column-is-layout-flow\" style=\"border-top-left-radius:20px;border-top-right-radius:20px;border-bottom-left-radius:20px;border-bottom-right-radius:20px;padding-top:var(--wp--preset--spacing--50);padding-right:var(--wp--preset--spacing--50);padding-bottom:var(--wp--preset--spacing--50);padding-left:var(--wp--preset--spacing--50);box-shadow:var(--wp--preset--shadow--natural)\">\n<figure class=\"wp-block-image aligncenter size-full is-resized\"><img loading=\"lazy\" decoding=\"async\" width=\"720\" height=\"720\" src=\"https:\/\/lainesita.online\/lainesita\/wp-content\/uploads\/2026\/04\/01.png\" alt=\"\" class=\"wp-image-80\" style=\"width:212px;height:auto\" srcset=\"https:\/\/lainesita.online\/lainesita\/wp-content\/uploads\/2026\/04\/01.png 720w, https:\/\/lainesita.online\/lainesita\/wp-content\/uploads\/2026\/04\/01-300x300.png 300w, https:\/\/lainesita.online\/lainesita\/wp-content\/uploads\/2026\/04\/01-150x150.png 150w\" sizes=\"auto, (max-width: 720px) 100vw, 720px\" \/><\/figure>\n\n\n\n<h2 class=\"wp-block-heading has-text-align-center has-medium-font-size\">Cuaderno minimalista<\/h2>\n\n\n\n<div class=\"wp-block-buttons is-content-justification-center is-layout-flex wp-container-core-buttons-is-layout-a89b3969 wp-block-buttons-is-layout-flex\">\n<div class=\"wp-block-button\"><a class=\"wp-block-button__link has-ast-global-color-7-color has-text-color has-link-color has-text-align-center wp-element-button\" style=\"border-top-left-radius:100px;border-top-right-radius:100px;border-bottom-left-radius:100px;border-bottom-right-radius:100px\">Descargar<\/a><\/div>\n<\/div>\n<\/div>\n\n\n\n<div class=\"wp-block-column has-ast-global-color-5-background-color has-background is-layout-flow wp-block-column-is-layout-flow\" style=\"border-top-left-radius:20px;border-top-right-radius:20px;border-bottom-left-radius:20px;border-bottom-right-radius:20px;padding-top:var(--wp--preset--spacing--50);padding-right:var(--wp--preset--spacing--50);padding-bottom:var(--wp--preset--spacing--50);padding-left:var(--wp--preset--spacing--50);box-shadow:var(--wp--preset--shadow--natural)\">\n<figure class=\"wp-block-image aligncenter size-large is-resized\"><img loading=\"lazy\" decoding=\"async\" width=\"1024\" height=\"683\" src=\"https:\/\/lainesita.online\/lainesita\/wp-content\/uploads\/2026\/04\/01-1024x683.jpg\" alt=\"\" class=\"wp-image-81\" style=\"aspect-ratio:1.4993677204658902;width:313px;height:auto\" srcset=\"https:\/\/lainesita.online\/lainesita\/wp-content\/uploads\/2026\/04\/01-1024x683.jpg 1024w, https:\/\/lainesita.online\/lainesita\/wp-content\/uploads\/2026\/04\/01-300x200.jpg 300w, https:\/\/lainesita.online\/lainesita\/wp-content\/uploads\/2026\/04\/01-768x512.jpg 768w, https:\/\/lainesita.online\/lainesita\/wp-content\/uploads\/2026\/04\/01-1536x1024.jpg 1536w, https:\/\/lainesita.online\/lainesita\/wp-content\/uploads\/2026\/04\/01.jpg 1800w\" sizes=\"auto, (max-width: 1024px) 100vw, 1024px\" \/><\/figure>\n\n\n\n<h2 class=\"wp-block-heading has-text-align-center has-medium-font-size\">Etiquetas de cocina<\/h2>\n\n\n\n<div class=\"wp-block-buttons is-content-justification-center is-layout-flex wp-container-core-buttons-is-layout-a89b3969 wp-block-buttons-is-layout-flex\">\n<div class=\"wp-block-button\"><a class=\"wp-block-button__link has-ast-global-color-7-color has-ast-global-color-0-background-color has-text-color has-background has-link-color has-text-align-center wp-element-button\" style=\"border-top-left-radius:100px;border-top-right-radius:100px;border-bottom-left-radius:100px;border-bottom-right-radius:100px\">Descargar<\/a><\/div>\n<\/div>\n<\/div>\n\n\n\n<div class=\"wp-block-column has-ast-global-color-5-background-color has-background is-layout-flow wp-block-column-is-layout-flow\" style=\"border-top-left-radius:20px;border-top-right-radius:20px;border-bottom-left-radius:20px;border-bottom-right-radius:20px;padding-top:var(--wp--preset--spacing--50);padding-right:var(--wp--preset--spacing--50);padding-bottom:var(--wp--preset--spacing--50);padding-left:var(--wp--preset--spacing--50);box-shadow:var(--wp--preset--shadow--natural)\">\n<figure class=\"wp-block-image aligncenter size-large is-resized\"><img loading=\"lazy\" decoding=\"async\" width=\"724\" height=\"1024\" src=\"https:\/\/lainesita.online\/lainesita\/wp-content\/uploads\/2026\/04\/tapa-724x1024.jpg\" alt=\"\" class=\"wp-image-82\" style=\"aspect-ratio:0.707004770273663;width:141px;height:auto\" srcset=\"https:\/\/lainesita.online\/lainesita\/wp-content\/uploads\/2026\/04\/tapa-724x1024.jpg 724w, https:\/\/lainesita.online\/lainesita\/wp-content\/uploads\/2026\/04\/tapa-212x300.jpg 212w, https:\/\/lainesita.online\/lainesita\/wp-content\/uploads\/2026\/04\/tapa-768x1086.jpg 768w, https:\/\/lainesita.online\/lainesita\/wp-content\/uploads\/2026\/04\/tapa-1086x1536.jpg 1086w, https:\/\/lainesita.online\/lainesita\/wp-content\/uploads\/2026\/04\/tapa.jpg 1414w\" sizes=\"auto, (max-width: 724px) 100vw, 724px\" \/><\/figure>\n\n\n\n<h2 class=\"wp-block-heading has-text-align-center has-medium-font-size\">Libro para Colorear<\/h2>\n\n\n\n<div class=\"wp-block-buttons is-content-justification-center is-layout-flex wp-container-core-buttons-is-layout-a89b3969 wp-block-buttons-is-layout-flex\">\n<div class=\"wp-block-button\"><a class=\"wp-block-button__link has-ast-global-color-7-color has-ast-global-color-0-background-color has-text-color has-background has-link-color has-text-align-center wp-element-button\" style=\"border-top-left-radius:100px;border-top-right-radius:100px;border-bottom-left-radius:100px;border-bottom-right-radius:100px\">Descargar<\/a><\/div>\n<\/div>\n<\/div>\n<\/div>\n\n\n\n<h2 class=\"wp-block-heading has-text-align-center has-large-font-size\">Ideas y tutoriales<\/h2>\n\n\n\n<p class=\"has-text-align-center\">Inspiraci\u00f3n cozy para tu hogar y proyectos DIY<\/p>\n\n\n<ul class=\"wp-block-latest-posts__list is-grid columns-2 has-link-color aligncenter wp-elements-2e7793d6c102e7bd08497f1aba75dc91 wp-block-latest-posts has-background has-ast-global-color-5-background-color\"><li><a class=\"wp-block-latest-posts__post-title\" href=\"https:\/\/lainesita.online\/lainesita\/2026\/04\/07\/desayuno-cozy-simple\/\">Desayuno cozy simple<\/a><div class=\"wp-block-latest-posts__post-excerpt\"><\/div><\/li>\n<li><a class=\"wp-block-latest-posts__post-title\" href=\"https:\/\/lainesita.online\/lainesita\/2026\/04\/07\/un-momento-cozy-musica-suave-heidi-y-una-pausa-para-vos-%f0%9f%8c%bf\/\">Un momento cozy: m\u00fasica suave, Heidi y una pausa para vos \ud83c\udf3f<\/a><div class=\"wp-block-latest-posts__post-excerpt\">Muchas veces no hace falta mucho para sentirse mejor. Un momento de calma, una historia sencilla, m\u00fasica suave\u2026 y un peque\u00f1o ritual cotidiano pueden cambiar el ritmo del d\u00eda. Hoy te propongo algo simple: prep\u00e1rate algo rico, si\u00e9ntate unos minutos y dejar que este video te acompa\u00f1e. \ud83c\udf3f Heidi, en los Alpes, nos recuerda la&#8230; <a class=\"wp-block-latest-posts__read-more\" href=\"https:\/\/lainesita.online\/lainesita\/2026\/04\/07\/un-momento-cozy-musica-suave-heidi-y-una-pausa-para-vos-%f0%9f%8c%bf\/\" rel=\"noopener noreferrer\">Leer m\u00e1s<span class=\"screen-reader-text\">: Un momento cozy: m\u00fasica suave, Heidi y una pausa para vos \ud83c\udf3f<\/span><\/a><\/div><\/li>\n<li><a class=\"wp-block-latest-posts__post-title\" href=\"https:\/\/lainesita.online\/lainesita\/2026\/04\/03\/cuaderno-imprimible-gratis-estilo-cozy\/\">Cuaderno imprimible gratis estilo cozy<\/a><div class=\"wp-block-latest-posts__post-excerpt\">Este cuaderno imprimible est\u00e1 dise\u00f1ado para acompa\u00f1arte en tu d\u00eda a d\u00eda, con un estilo simple, c\u00e1lido y funcional \ud83e\udd0d \u00bfC\u00f3mo usarlo? Si te gustan este tipo de imprimibles, pod\u00e9s ver m\u00e1s en la secci\u00f3n de descargables \ud83e\udd0d<\/div><\/li>\n<li><a class=\"wp-block-latest-posts__post-title\" href=\"https:\/\/lainesita.online\/lainesita\/2026\/04\/03\/etiquetas-de-cocina-imprimibles-gratis-para-organizar-tu-hogar\/\">Etiquetas de cocina imprimibles gratis para organizar tu hogar<\/a><div class=\"wp-block-latest-posts__post-excerpt\">Mantener la cocina organizada puede ser mucho m\u00e1s simple (y lindo) de lo que parece. Con etiquetas imprimibles pod\u00e9s ordenar tus frascos, especias y alimentos, logrando un espacio m\u00e1s pr\u00e1ctico y armonioso. En este post te dejo un set de etiquetas listas para descargar y usar \ud83e\udd0d \ud83c\udff7\ufe0f \u00bfQu\u00e9 incluyen estas etiquetas? Este set incluye&#8230; <a class=\"wp-block-latest-posts__read-more\" href=\"https:\/\/lainesita.online\/lainesita\/2026\/04\/03\/etiquetas-de-cocina-imprimibles-gratis-para-organizar-tu-hogar\/\" rel=\"noopener noreferrer\">Leer m\u00e1s<span class=\"screen-reader-text\">: Etiquetas de cocina imprimibles gratis para organizar tu hogar<\/span><\/a><\/div><\/li>\n<li><a class=\"wp-block-latest-posts__post-title\" href=\"https:\/\/lainesita.online\/lainesita\/2026\/04\/03\/ideas-cozy-para-decorar-tu-cocina-con-detalles-simples\/\">Ideas cozy para decorar tu cocina con detalles simples<\/a><div class=\"wp-block-latest-posts__post-excerpt\">A veces no hace falta hacer grandes cambios para transformar un espacio.Con peque\u00f1os detalles y un toque personal, puedes lograr una cocina m\u00e1s c\u00e1lida, organizada y linda. En este post te comparto algunas ideas simples para darle ese estilo cozy que tanto nos gusta \ud83e\udd0d \ud83c\udf3f Idea 1 \u2013 Etiquetas para frascos Usar etiquetas para&#8230; <a class=\"wp-block-latest-posts__read-more\" href=\"https:\/\/lainesita.online\/lainesita\/2026\/04\/03\/ideas-cozy-para-decorar-tu-cocina-con-detalles-simples\/\" rel=\"noopener noreferrer\">Leer m\u00e1s<span class=\"screen-reader-text\">: Ideas cozy para decorar tu cocina con detalles simples<\/span><\/a><\/div><\/li>\n<\/ul>\n\n\n<div class=\"wp-block-buttons is-content-justification-center is-layout-flex wp-container-core-buttons-is-layout-a89b3969 wp-block-buttons-is-layout-flex\">\n<div class=\"wp-block-button\"><a class=\"wp-block-button__link has-ast-global-color-7-color has-text-color has-link-color wp-element-button\" style=\"border-top-left-radius:100px;border-top-right-radius:100px;border-bottom-left-radius:100px;border-bottom-right-radius:100px\">Ver todos los Art\u00edculos<\/a><\/div>\n<\/div>\n\n\n\n<div class=\"wp-block-columns has-ast-global-color-5-background-color has-background is-layout-flex wp-container-core-columns-is-layout-2d7698b3 wp-block-columns-is-layout-flex\" style=\"border-top-left-radius:20px;border-top-right-radius:20px;border-bottom-left-radius:20px;border-bottom-right-radius:20px;padding-right:0;padding-left:0;box-shadow:var(--wp--preset--shadow--natural)\">\n<div class=\"wp-block-column is-layout-flow wp-block-column-is-layout-flow\">\n<figure class=\"wp-block-image alignright size-large is-resized\"><img loading=\"lazy\" decoding=\"async\" width=\"1024\" height=\"1024\" src=\"https:\/\/lainesita.online\/lainesita\/wp-content\/uploads\/2026\/04\/logo-1024x1024.png\" alt=\"\" class=\"wp-image-17\" style=\"width:284px;height:auto\"\/><\/figure>\n<\/div>\n\n\n\n<div class=\"wp-block-column is-layout-flow wp-block-column-is-layout-flow\">\n<h2 class=\"wp-block-heading\">Sobre La Inesita<\/h2>\n\n\n\n<p>La Inesita es un espacio de inspiraci\u00f3n cozy donde comparto ideas de decoraci\u00f3n, imprimibles y peque\u00f1os detalles para hacer tu hogar m\u00e1s lindo y funcional.<\/p>\n\n\n\n<p class=\"has-small-font-size\"><em>Hecho con amor \ud83e\udd0d<\/em><\/p>\n\n\n\n<div class=\"wp-block-buttons is-layout-flex wp-block-buttons-is-layout-flex\">\n<div class=\"wp-block-button\"><a class=\"wp-block-button__link has-ast-global-color-7-color has-ast-global-color-0-background-color has-text-color has-background has-link-color wp-element-button\" href=\"https:\/\/lainesita.online\/lainesita\/sobre-mi\/\" style=\"border-top-left-radius:100px;border-top-right-radius:100px;border-bottom-left-radius:100px;border-bottom-right-radius:100px\">Conocer m\u00e1s<\/a><\/div>\n<\/div>\n<\/div>\n<\/div>\n\n\n\n<p><\/p>\n","protected":false},"excerpt":{"rendered":"<p>Descargables Imprimibles listos para usar DIY Ideas hechas a mano Decoraci\u00f3n Detalles para tu hogar Descargables Destacados Cuaderno minimalista Etiquetas de cocina Libro para Colorear Ideas y tutoriales Inspiraci\u00f3n cozy para tu hogar y proyectos DIY Sobre La Inesita La Inesita es un espacio de inspiraci\u00f3n cozy donde comparto ideas de decoraci\u00f3n, imprimibles y peque\u00f1os [&hellip;]<\/p>\n","protected":false},"author":1,"featured_media":0,"parent":0,"menu_order":0,"comment_status":"closed","ping_status":"closed","template":"","meta":{"site-sidebar-layout":"default","site-content-layout":"","ast-site-content-layout":"default","site-content-style":"default","site-sidebar-style":"default","ast-global-header-display":"","ast-banner-title-visibility":"","ast-main-header-display":"","ast-hfb-above-header-display":"","ast-hfb-below-header-display":"","ast-hfb-mobile-header-display":"","site-post-title":"disabled","ast-breadcrumbs-content":"","ast-featured-img":"","footer-sml-layout":"","ast-disable-related-posts":"","theme-transparent-header-meta":"disabled","adv-header-id-meta":"","stick-header-meta":"","header-above-stick-meta":"","header-main-stick-meta":"","header-below-stick-meta":"","astra-migrate-meta-layouts":"default","ast-page-background-enabled":"default","ast-page-background-meta":{"desktop":{"background-color":"var(--ast-global-color-5)","background-image":"","background-repeat":"repeat","background-position":"center center","background-size":"auto","background-attachment":"scroll","background-type":"","background-media":"","overlay-type":"","overlay-color":"","overlay-opacity":"","overlay-gradient":""},"tablet":{"background-color":"","background-image":"","background-repeat":"repeat","background-position":"center center","background-size":"auto","background-attachment":"scroll","background-type":"","background-media":"","overlay-type":"","overlay-color":"","overlay-opacity":"","overlay-gradient":""},"mobile":{"background-color":"","background-image":"","background-repeat":"repeat","background-position":"center center","background-size":"auto","background-attachment":"scroll","background-type":"","background-media":"","overlay-type":"","overlay-color":"","overlay-opacity":"","overlay-gradient":""}},"ast-content-background-meta":{"desktop":{"background-color":"var(--ast-global-color-4)","background-image":"","background-repeat":"repeat","background-position":"center center","background-size":"auto","background-attachment":"scroll","background-type":"","background-media":"","overlay-type":"","overlay-color":"","overlay-opacity":"","overlay-gradient":""},"tablet":{"background-color":"var(--ast-global-color-4)","background-image":"","background-repeat":"repeat","background-position":"center center","background-size":"auto","background-attachment":"scroll","background-type":"","background-media":"","overlay-type":"","overlay-color":"","overlay-opacity":"","overlay-gradient":""},"mobile":{"background-color":"var(--ast-global-color-4)","background-image":"","background-repeat":"repeat","background-position":"center center","background-size":"auto","background-attachment":"scroll","background-type":"","background-media":"","overlay-type":"","overlay-color":"","overlay-opacity":"","overlay-gradient":""}},"footnotes":""},"class_list":["post-11","page","type-page","status-publish","hentry"],"_links":{"self":[{"href":"https:\/\/lainesita.online\/lainesita\/wp-json\/wp\/v2\/pages\/11","targetHints":{"allow":["GET"]}}],"collection":[{"href":"https:\/\/lainesita.online\/lainesita\/wp-json\/wp\/v2\/pages"}],"about":[{"href":"https:\/\/lainesita.online\/lainesita\/wp-json\/wp\/v2\/types\/page"}],"author":[{"embeddable":true,"href":"https:\/\/lainesita.online\/lainesita\/wp-json\/wp\/v2\/users\/1"}],"replies":[{"embeddable":true,"href":"https:\/\/lainesita.online\/lainesita\/wp-json\/wp\/v2\/comments?post=11"}],"version-history":[{"count":31,"href":"https:\/\/lainesita.online\/lainesita\/wp-json\/wp\/v2\/pages\/11\/revisions"}],"predecessor-version":[{"id":106,"href":"https:\/\/lainesita.online\/lainesita\/wp-json\/wp\/v2\/pages\/11\/revisions\/106"}],"wp:attachment":[{"href":"https:\/\/lainesita.online\/lainesita\/wp-json\/wp\/v2\/media?parent=11"}],"curies":[{"name":"wp","href":"https:\/\/api.w.org\/{rel}","templated":true}]}}